{"id":5796,"date":"2023-12-01T11:05:04","date_gmt":"2023-12-01T11:05:04","guid":{"rendered":"https:\/\/www.kentmetalendustri.com.tr\/v1\/?page_id=5796"},"modified":"2024-04-23T14:01:22","modified_gmt":"2024-04-23T14:01:22","slug":"400-lt","status":"publish","type":"page","link":"https:\/\/www.kentmetalendustri.com.tr\/v1\/400-lt\/","title":{"rendered":"400 LT"},"content":{"rendered":"\t\t<div data-elementor-type=\"wp-page\" data-elementor-id=\"5796\" class=\"elementor elementor-5796\">\n\t\t\t\t\t\t\t<div class=\"elementor-element elementor-element-626a15d e-flex e-con-boxed e-con e-parent\" data-id=\"626a15d\" data-element_type=\"container\" data-settings=\"{&quot;content_width&quot;:&quot;boxed&quot;}\" data-core-v316-plus=\"true\">\n\t\t\t\t\t<div class=\"e-con-inner\">\n\t\t\t\t<div class=\"elementor-element elementor-element-032ff8a elementor-widget elementor-widget-heading\" data-id=\"032ff8a\" data-element_type=\"widget\" data-widget_type=\"heading.default\">\n\t\t\t\t<div class=\"elementor-widget-container\">\n\t\t\t<style>\/*! elementor - v3.16.0 - 20-09-2023 *\/\n.elementor-heading-title{padding:0;margin:0;line-height:1}.elementor-widget-heading .elementor-heading-title[class*=elementor-size-]>a{color:inherit;font-size:inherit;line-height:inherit}.elementor-widget-heading .elementor-heading-title.elementor-size-small{font-size:15px}.elementor-widget-heading .elementor-heading-title.elementor-size-medium{font-size:19px}.elementor-widget-heading .elementor-heading-title.elementor-size-large{font-size:29px}.elementor-widget-heading .elementor-heading-title.elementor-size-xl{font-size:39px}.elementor-widget-heading .elementor-heading-title.elementor-size-xxl{font-size:59px}<\/style><h1 class=\"elementor-heading-title elementor-size-default\">SICAK DALDIRMA GALVAN\u0130ZL\u0130 \u00c7\u00d6P KONTEYNER\u0130<\/h1>\t\t<\/div>\n\t\t\t\t<\/div>\n\t\t\t\t\t<\/div>\n\t\t\t\t<\/div>\n\t\t<div class=\"elementor-element elementor-element-54efc85 e-flex e-con-boxed e-con e-parent\" data-id=\"54efc85\" data-element_type=\"container\" data-settings=\"{&quot;content_width&quot;:&quot;boxed&quot;}\" data-core-v316-plus=\"true\">\n\t\t\t\t\t<div class=\"e-con-inner\">\n\t\t<div class=\"elementor-element elementor-element-8ace2e2 e-con-full e-flex e-con e-child\" data-id=\"8ace2e2\" data-element_type=\"container\" data-settings=\"{&quot;content_width&quot;:&quot;full&quot;}\">\n\t\t\t\t<div class=\"elementor-element elementor-element-743ff55 elementor-widget elementor-widget-image-gallery\" data-id=\"743ff55\" data-element_type=\"widget\" data-widget_type=\"image-gallery.default\">\n\t\t\t\t<div class=\"elementor-widget-container\">\n\t\t\t<style>\/*! elementor - v3.16.0 - 20-09-2023 *\/\n.elementor-image-gallery .gallery-item{display:inline-block;text-align:center;vertical-align:top;width:100%;max-width:100%;margin:0 auto}.elementor-image-gallery .gallery-item img{margin:0 auto}.elementor-image-gallery .gallery-item .gallery-caption{margin:0}.elementor-image-gallery figure img{display:block}.elementor-image-gallery figure figcaption{width:100%}.gallery-spacing-custom .elementor-image-gallery .gallery-icon{padding:0}@media (min-width:768px){.elementor-image-gallery .gallery-columns-2 .gallery-item{max-width:50%}.elementor-image-gallery .gallery-columns-3 .gallery-item{max-width:33.33%}.elementor-image-gallery .gallery-columns-4 .gallery-item{max-width:25%}.elementor-image-gallery .gallery-columns-5 .gallery-item{max-width:20%}.elementor-image-gallery .gallery-columns-6 .gallery-item{max-width:16.666%}.elementor-image-gallery .gallery-columns-7 .gallery-item{max-width:14.28%}.elementor-image-gallery .gallery-columns-8 .gallery-item{max-width:12.5%}.elementor-image-gallery .gallery-columns-9 .gallery-item{max-width:11.11%}.elementor-image-gallery .gallery-columns-10 .gallery-item{max-width:10%}}@media (min-width:480px) and (max-width:767px){.elementor-image-gallery .gallery.gallery-columns-2 .gallery-item,.elementor-image-gallery .gallery.gallery-columns-3 .gallery-item,.elementor-image-gallery .gallery.gallery-columns-4 .gallery-item,.elementor-image-gallery .gallery.gallery-columns-5 .gallery-item,.elementor-image-gallery .gallery.gallery-columns-6 .gallery-item,.elementor-image-gallery .gallery.gallery-columns-7 .gallery-item,.elementor-image-gallery .gallery.gallery-columns-8 .gallery-item,.elementor-image-gallery .gallery.gallery-columns-9 .gallery-item,.elementor-image-gallery .gallery.gallery-columns-10 .gallery-item{max-width:50%}}@media (max-width:479px){.elementor-image-gallery .gallery.gallery-columns-2 .gallery-item,.elementor-image-gallery .gallery.gallery-columns-3 .gallery-item,.elementor-image-gallery .gallery.gallery-columns-4 .gallery-item,.elementor-image-gallery .gallery.gallery-columns-5 .gallery-item,.elementor-image-gallery .gallery.gallery-columns-6 .gallery-item,.elementor-image-gallery .gallery.gallery-columns-7 .gallery-item,.elementor-image-gallery .gallery.gallery-columns-8 .gallery-item,.elementor-image-gallery .gallery.gallery-columns-9 .gallery-item,.elementor-image-gallery .gallery.gallery-columns-10 .gallery-item{max-width:100%}}<\/style>\t\t<div class=\"elementor-image-gallery\">\n\t\t\t\n\t\t<style type=\"text\/css\">\n\t\t\t#gallery-1 {\n\t\t\t\tmargin: auto;\n\t\t\t}\n\t\t\t#gallery-1 .gallery-item {\n\t\t\t\tfloat: left;\n\t\t\t\tmargin-top: 10px;\n\t\t\t\ttext-align: center;\n\t\t\t\twidth: 100%;\n\t\t\t}\n\t\t\t#gallery-1 img {\n\t\t\t\tborder: 2px solid #cfcfcf;\n\t\t\t}\n\t\t\t#gallery-1 .gallery-caption {\n\t\t\t\tmargin-left: 0;\n\t\t\t}\n\t\t\t\/* see gallery_shortcode() in wp-includes\/media.php *\/\n\t\t<\/style>\n\t\t<div id='gallery-1' class='gallery galleryid-5796 gallery-columns-1 gallery-size-large'><dl class='gallery-item'>\n\t\t\t<dt class='gallery-icon landscape'>\n\t\t\t\t<a data-elementor-open-lightbox=\"yes\" data-elementor-lightbox-slideshow=\"743ff55\" data-elementor-lightbox-title=\"400LT_GO\u0308RSEL\" data-e-action-hash=\"#elementor-action%3Aaction%3Dlightbox%26settings%3DeyJpZCI6NjE1MCwidXJsIjoiaHR0cHM6XC9cL3d3dy5rZW50bWV0YWxlbmR1c3RyaS5jb20udHJcL3YxXC93cC1jb250ZW50XC91cGxvYWRzXC8yMDI0XC8wM1wvNDAwTFRfR09SU0VMLnBuZyIsInNsaWRlc2hvdyI6Ijc0M2ZmNTUifQ%3D%3D\" href='https:\/\/www.kentmetalendustri.com.tr\/v1\/wp-content\/uploads\/2024\/03\/400LT_GORSEL.png'><img loading=\"lazy\" decoding=\"async\" width=\"900\" height=\"506\" src=\"https:\/\/www.kentmetalendustri.com.tr\/v1\/wp-content\/uploads\/2024\/03\/400LT_GORSEL-1024x576.png\" class=\"attachment-large size-large\" alt=\"\" \/><\/a>\n\t\t\t<\/dt><\/dl><br style=\"clear: both\" \/><dl class='gallery-item'>\n\t\t\t<dt class='gallery-icon landscape'>\n\t\t\t\t<a data-elementor-open-lightbox=\"yes\" data-elementor-lightbox-slideshow=\"743ff55\" data-elementor-lightbox-title=\"400 lt teknik olculer\" data-e-action-hash=\"#elementor-action%3Aaction%3Dlightbox%26settings%3DeyJpZCI6NjE1NiwidXJsIjoiaHR0cHM6XC9cL3d3dy5rZW50bWV0YWxlbmR1c3RyaS5jb20udHJcL3YxXC93cC1jb250ZW50XC91cGxvYWRzXC8yMDI0XC8wM1wvNDAwLWx0LXRla25pay1vbGN1bGVyLmpwZyIsInNsaWRlc2hvdyI6Ijc0M2ZmNTUifQ%3D%3D\" href='https:\/\/www.kentmetalendustri.com.tr\/v1\/wp-content\/uploads\/2024\/03\/400-lt-teknik-olculer.jpg'><img loading=\"lazy\" decoding=\"async\" width=\"900\" height=\"630\" src=\"https:\/\/www.kentmetalendustri.com.tr\/v1\/wp-content\/uploads\/2024\/03\/400-lt-teknik-olculer-1024x717.jpg\" class=\"attachment-large size-large\" alt=\"\" \/><\/a>\n\t\t\t<\/dt><\/dl><br style=\"clear: both\" \/>\n\t\t<\/div>\n\t\t<\/div>\n\t\t\t\t<\/div>\n\t\t\t\t<\/div>\n\t\t\t\t<\/div>\n\t\t<div class=\"elementor-element elementor-element-4362bf7 e-con-full e-flex e-con e-child\" data-id=\"4362bf7\" data-element_type=\"container\" data-settings=\"{&quot;content_width&quot;:&quot;full&quot;}\">\n\t\t\t\t<div class=\"elementor-element elementor-element-9cfa055 elementor-widget elementor-widget-text-editor\" data-id=\"9cfa055\" data-element_type=\"widget\" data-widget_type=\"text-editor.default\">\n\t\t\t\t<div class=\"elementor-widget-container\">\n\t\t\t<style>\/*! elementor - v3.16.0 - 20-09-2023 *\/\n.elementor-widget-text-editor.elementor-drop-cap-view-stacked .elementor-drop-cap{background-color:#69727d;color:#fff}.elementor-widget-text-editor.elementor-drop-cap-view-framed .elementor-drop-cap{color:#69727d;border:3px solid;background-color:transparent}.elementor-widget-text-editor:not(.elementor-drop-cap-view-default) .elementor-drop-cap{margin-top:8px}.elementor-widget-text-editor:not(.elementor-drop-cap-view-default) .elementor-drop-cap-letter{width:1em;height:1em}.elementor-widget-text-editor .elementor-drop-cap{float:left;text-align:center;line-height:1;font-size:50px}.elementor-widget-text-editor .elementor-drop-cap-letter{display:inline-block}<\/style>\t\t\t\t<p><strong>TEKN\u0130K \u00d6ZELL\u0130KLER<\/strong><\/p><ul><li>St37 kalitesinde TSE belgeli 2,00mm sacdan tek par\u00e7a olarak k\u0131vr\u0131l\u0131p, preslenerek y\u00fczey \u015fekli verilmi\u015f ve mukavemeti artt\u0131r\u0131lm\u0131\u015ft\u0131r. Taban k\u00f6\u015feleri ve \u00fcst arka k\u00f6\u015fesi rad\u00fcsl\u00fcd\u00fcr. G\u00f6vde sac\u0131 ile ayn\u0131 kalitede sacdan imal edilen yan y\u00fczey saclar\u0131; preslenerek mukavemeti artt\u0131r\u0131lm\u0131\u015f ve kenarlar\u0131nda(rad\u00fcsl\u00fc k\u00f6\u015feler dahil) 15mm geni\u015fli\u011finde \u00e7\u0131k\u0131nt\u0131 olu\u015fturularak g\u00f6vde sac\u0131 ile kaynakla kesintisiz kaynat\u0131lm\u0131\u015ft\u0131r.<\/li><li>T\u00fcm kaynaklar gazalt\u0131 kayna\u011f\u0131 ile yap\u0131lm\u0131\u015ft\u0131r ve konteyner s\u0131v\u0131 s\u0131zd\u0131rmayacak \u015fekilde \u00fcretilmi\u015ftir.<\/li><li>Kald\u0131rma aparatlar\u0131, 4,00mm kal\u0131nl\u0131\u011f\u0131na sahip saca C formu verilmi\u015f ve konteyner g\u00f6vdesine kaynat\u0131lm\u0131\u015ft\u0131r. Ara\u00e7 kald\u0131rma aparatlar\u0131na uyumludur.<\/li><li>Konteyner kapa\u011f\u0131; St37 kalitesinde TSE belgeli 1,50mm sac\u0131n tek par\u00e7a halinde s\u0131vanarak, kendi ekseni halinde a\u00e7\u0131labilen damper kapak sistemi \u015feklinde \u00fcretilmi\u015ftir. Kapakta a\u00e7ma kulpu, dayama\/kilit sistemi ve mukavemeti i\u00e7in profil takviyeleri vard\u0131r.<\/li><li>Konteyner a\u011fz\u0131 25x50mm \u00f6l\u00e7\u00fcs\u00fcnde, g\u00f6vde ve yan saclar\u0131n kendinden b\u00fck\u00fcm\u00fc ile profil olu\u015fturacak \u015fekilde \u00e7evrilmi\u015ftir. Yaln\u0131z k\u00f6\u015fe birle\u015fim yerlerinde ve profil alt k\u0131s\u0131mlar\u0131nda kaynak vard\u0131r.<\/li><li>G\u00f6vde ve kapak saclar\u0131na, mukavemeti art\u0131rmak i\u00e7in belirli aral\u0131klarla preste form verilmi\u015ftir.<\/li><li>Ta\u015f\u0131y\u0131c\u0131 olarak 150x45mm \u00f6l\u00e7\u00fcs\u00fcnde, ma\u015fa sac\u0131 3mm kal\u0131nl\u0131\u011f\u0131nda iki adet 360 derece d\u00f6nerli teker ve iki adet sabit teker vard\u0131r. Tekerler <strong>TSE EN 12532<\/strong> Teker ba\u011flant\u0131 sac\u0131 3mm kal\u0131nl\u0131\u011f\u0131ndad\u0131r.<\/li><li>Konteyner (kapak dahil) en az 60 mikron kal\u0131nl\u0131\u011f\u0131nda \u2018\u2019S\u0131cak Dald\u0131rma Galvaniz Kaplama\u2019\u2019 sistemi ile <strong>TSE EN ISO 1461 <\/strong>Standard\u0131na uygun kaplanm\u0131\u015ft\u0131r.<\/li><li>Konteyner <strong>TS EN 840-2<\/strong> Standart belgelidir.<\/li><\/ul>\t\t\t\t\t\t<\/div>\n\t\t\t\t<\/div>\n\t\t\t\t<\/div>\n\t\t\t\t\t<\/div>\n\t\t\t\t<\/div>\n\t\t\t\t\t\t\t<\/div>\n\t\t","protected":false},"excerpt":{"rendered":"<p>SICAK DALDIRMA GALVAN\u0130ZL\u0130 \u00c7\u00d6P KONTEYNER\u0130 TEKN\u0130K \u00d6ZELL\u0130KLER St37 kalitesinde TSE belgeli 2,00mm sacdan tek par\u00e7a olarak k\u0131vr\u0131l\u0131p, preslenerek y\u00fczey \u015fekli verilmi\u015f ve mukavemeti artt\u0131r\u0131lm\u0131\u015ft\u0131r. Taban k\u00f6\u015feleri ve \u00fcst arka k\u00f6\u015fesi rad\u00fcsl\u00fcd\u00fcr. G\u00f6vde sac\u0131 ile ayn\u0131 kalitede sacdan imal edilen yan y\u00fczey saclar\u0131; preslenerek mukavemeti artt\u0131r\u0131lm\u0131\u015f ve kenarlar\u0131nda(rad\u00fcsl\u00fc k\u00f6\u015feler dahil) 15mm geni\u015fli\u011finde \u00e7\u0131k\u0131nt\u0131 olu\u015fturularak g\u00f6vde sac\u0131 [&hellip;]<\/p>\n","protected":false},"author":1,"featured_media":0,"parent":0,"menu_order":0,"comment_status":"closed","ping_status":"closed","template":"","meta":{"footnotes":""},"class_list":["post-5796","page","type-page","status-publish","hentry"],"_links":{"self":[{"href":"https:\/\/www.kentmetalendustri.com.tr\/v1\/wp-json\/wp\/v2\/pages\/5796","targetHints":{"allow":["GET"]}}],"collection":[{"href":"https:\/\/www.kentmetalendustri.com.tr\/v1\/wp-json\/wp\/v2\/pages"}],"about":[{"href":"https:\/\/www.kentmetalendustri.com.tr\/v1\/wp-json\/wp\/v2\/types\/page"}],"author":[{"embeddable":true,"href":"https:\/\/www.kentmetalendustri.com.tr\/v1\/wp-json\/wp\/v2\/users\/1"}],"replies":[{"embeddable":true,"href":"https:\/\/www.kentmetalendustri.com.tr\/v1\/wp-json\/wp\/v2\/comments?post=5796"}],"version-history":[{"count":26,"href":"https:\/\/www.kentmetalendustri.com.tr\/v1\/wp-json\/wp\/v2\/pages\/5796\/revisions"}],"predecessor-version":[{"id":6664,"href":"https:\/\/www.kentmetalendustri.com.tr\/v1\/wp-json\/wp\/v2\/pages\/5796\/revisions\/6664"}],"wp:attachment":[{"href":"https:\/\/www.kentmetalendustri.com.tr\/v1\/wp-json\/wp\/v2\/media?parent=5796"}],"curies":[{"name":"wp","href":"https:\/\/api.w.org\/{rel}","templated":true}]}}