{"id":5883,"date":"2023-12-01T11:34:26","date_gmt":"2023-12-01T11:34:26","guid":{"rendered":"https:\/\/www.kentmetalendustri.com.tr\/v1\/?page_id=5883"},"modified":"2024-03-18T09:20:17","modified_gmt":"2024-03-18T09:20:17","slug":"cnc-sac-kesimbukum","status":"publish","type":"page","link":"https:\/\/www.kentmetalendustri.com.tr\/v1\/cnc-sac-kesimbukum\/","title":{"rendered":"CNC SAC KES\u0130M&amp;B\u00dcK\u00dcM"},"content":{"rendered":"\t\t<div data-elementor-type=\"wp-page\" data-elementor-id=\"5883\" class=\"elementor elementor-5883\">\n\t\t\t\t\t\t\t<div class=\"elementor-element elementor-element-213c555 e-flex e-con-boxed e-con e-parent\" data-id=\"213c555\" data-element_type=\"container\" data-settings=\"{&quot;content_width&quot;:&quot;boxed&quot;}\" data-core-v316-plus=\"true\">\n\t\t\t\t\t<div class=\"e-con-inner\">\n\t\t\t\t<div class=\"elementor-element elementor-element-fdc1c2d elementor-widget elementor-widget-image\" data-id=\"fdc1c2d\" data-element_type=\"widget\" data-widget_type=\"image.default\">\n\t\t\t\t<div class=\"elementor-widget-container\">\n\t\t\t<style>\/*! elementor - v3.16.0 - 20-09-2023 *\/\n.elementor-widget-image{text-align:center}.elementor-widget-image a{display:inline-block}.elementor-widget-image a img[src$=\".svg\"]{width:48px}.elementor-widget-image img{vertical-align:middle;display:inline-block}<\/style>\t\t\t\t\t\t\t\t\t\t\t\t<img loading=\"lazy\" decoding=\"async\" width=\"900\" height=\"619\" src=\"https:\/\/www.kentmetalendustri.com.tr\/v1\/wp-content\/uploads\/2024\/03\/CNC-SAC-KESIM.jpg\" class=\"attachment-large size-large wp-image-6196\" alt=\"\" \/>\t\t\t\t\t\t\t\t\t\t\t\t\t\t\t<\/div>\n\t\t\t\t<\/div>\n\t\t\t\t\t<\/div>\n\t\t\t\t<\/div>\n\t\t\t\t\t\t\t<\/div>\n\t\t","protected":false},"excerpt":{"rendered":"","protected":false},"author":1,"featured_media":0,"parent":0,"menu_order":0,"comment_status":"closed","ping_status":"closed","template":"","meta":{"footnotes":""},"class_list":["post-5883","page","type-page","status-publish","hentry"],"_links":{"self":[{"href":"https:\/\/www.kentmetalendustri.com.tr\/v1\/wp-json\/wp\/v2\/pages\/5883","targetHints":{"allow":["GET"]}}],"collection":[{"href":"https:\/\/www.kentmetalendustri.com.tr\/v1\/wp-json\/wp\/v2\/pages"}],"about":[{"href":"https:\/\/www.kentmetalendustri.com.tr\/v1\/wp-json\/wp\/v2\/types\/page"}],"author":[{"embeddable":true,"href":"https:\/\/www.kentmetalendustri.com.tr\/v1\/wp-json\/wp\/v2\/users\/1"}],"replies":[{"embeddable":true,"href":"https:\/\/www.kentmetalendustri.com.tr\/v1\/wp-json\/wp\/v2\/comments?post=5883"}],"version-history":[{"count":4,"href":"https:\/\/www.kentmetalendustri.com.tr\/v1\/wp-json\/wp\/v2\/pages\/5883\/revisions"}],"predecessor-version":[{"id":6199,"href":"https:\/\/www.kentmetalendustri.com.tr\/v1\/wp-json\/wp\/v2\/pages\/5883\/revisions\/6199"}],"wp:attachment":[{"href":"https:\/\/www.kentmetalendustri.com.tr\/v1\/wp-json\/wp\/v2\/media?parent=5883"}],"curies":[{"name":"wp","href":"https:\/\/api.w.org\/{rel}","templated":true}]}}