{"id":6480,"date":"2024-04-26T07:53:06","date_gmt":"2024-04-26T07:53:06","guid":{"rendered":"https:\/\/www.kentmetalendustri.com.tr\/v1\/?page_id=6480"},"modified":"2024-04-26T07:55:41","modified_gmt":"2024-04-26T07:55:41","slug":"150x45-doner-2","status":"publish","type":"page","link":"https:\/\/www.kentmetalendustri.com.tr\/v1\/150x45-doner-2\/","title":{"rendered":"150&#215;45 Sabit Ma\u015fal\u0131 Teker"},"content":{"rendered":"\t\t<div data-elementor-type=\"wp-page\" data-elementor-id=\"6480\" class=\"elementor elementor-6480\">\n\t\t\t\t\t\t\t<div class=\"elementor-element elementor-element-39e2527 e-flex e-con-boxed e-con e-parent\" data-id=\"39e2527\" data-element_type=\"container\" data-settings=\"{&quot;content_width&quot;:&quot;boxed&quot;}\" data-core-v316-plus=\"true\">\n\t\t\t\t\t<div class=\"e-con-inner\">\n\t\t<div class=\"elementor-element elementor-element-fba4485 e-con-full e-flex e-con e-child\" data-id=\"fba4485\" data-element_type=\"container\" data-settings=\"{&quot;content_width&quot;:&quot;full&quot;}\">\n\t\t\t\t<div class=\"elementor-element elementor-element-3ed55c5 elementor-widget elementor-widget-image-gallery\" data-id=\"3ed55c5\" data-element_type=\"widget\" data-widget_type=\"image-gallery.default\">\n\t\t\t\t<div class=\"elementor-widget-container\">\n\t\t\t<style>\/*! elementor - v3.16.0 - 20-09-2023 *\/\n.elementor-image-gallery .gallery-item{display:inline-block;text-align:center;vertical-align:top;width:100%;max-width:100%;margin:0 auto}.elementor-image-gallery .gallery-item img{margin:0 auto}.elementor-image-gallery .gallery-item .gallery-caption{margin:0}.elementor-image-gallery figure img{display:block}.elementor-image-gallery figure figcaption{width:100%}.gallery-spacing-custom .elementor-image-gallery .gallery-icon{padding:0}@media (min-width:768px){.elementor-image-gallery .gallery-columns-2 .gallery-item{max-width:50%}.elementor-image-gallery .gallery-columns-3 .gallery-item{max-width:33.33%}.elementor-image-gallery .gallery-columns-4 .gallery-item{max-width:25%}.elementor-image-gallery .gallery-columns-5 .gallery-item{max-width:20%}.elementor-image-gallery .gallery-columns-6 .gallery-item{max-width:16.666%}.elementor-image-gallery .gallery-columns-7 .gallery-item{max-width:14.28%}.elementor-image-gallery .gallery-columns-8 .gallery-item{max-width:12.5%}.elementor-image-gallery .gallery-columns-9 .gallery-item{max-width:11.11%}.elementor-image-gallery .gallery-columns-10 .gallery-item{max-width:10%}}@media (min-width:480px) and (max-width:767px){.elementor-image-gallery .gallery.gallery-columns-2 .gallery-item,.elementor-image-gallery .gallery.gallery-columns-3 .gallery-item,.elementor-image-gallery .gallery.gallery-columns-4 .gallery-item,.elementor-image-gallery .gallery.gallery-columns-5 .gallery-item,.elementor-image-gallery .gallery.gallery-columns-6 .gallery-item,.elementor-image-gallery .gallery.gallery-columns-7 .gallery-item,.elementor-image-gallery .gallery.gallery-columns-8 .gallery-item,.elementor-image-gallery .gallery.gallery-columns-9 .gallery-item,.elementor-image-gallery .gallery.gallery-columns-10 .gallery-item{max-width:50%}}@media (max-width:479px){.elementor-image-gallery .gallery.gallery-columns-2 .gallery-item,.elementor-image-gallery .gallery.gallery-columns-3 .gallery-item,.elementor-image-gallery .gallery.gallery-columns-4 .gallery-item,.elementor-image-gallery .gallery.gallery-columns-5 .gallery-item,.elementor-image-gallery .gallery.gallery-columns-6 .gallery-item,.elementor-image-gallery .gallery.gallery-columns-7 .gallery-item,.elementor-image-gallery .gallery.gallery-columns-8 .gallery-item,.elementor-image-gallery .gallery.gallery-columns-9 .gallery-item,.elementor-image-gallery .gallery.gallery-columns-10 .gallery-item{max-width:100%}}<\/style>\t\t<div class=\"elementor-image-gallery\">\n\t\t\t\n\t\t<style type=\"text\/css\">\n\t\t\t#gallery-1 {\n\t\t\t\tmargin: auto;\n\t\t\t}\n\t\t\t#gallery-1 .gallery-item {\n\t\t\t\tfloat: left;\n\t\t\t\tmargin-top: 10px;\n\t\t\t\ttext-align: center;\n\t\t\t\twidth: 100%;\n\t\t\t}\n\t\t\t#gallery-1 img {\n\t\t\t\tborder: 2px solid #cfcfcf;\n\t\t\t}\n\t\t\t#gallery-1 .gallery-caption {\n\t\t\t\tmargin-left: 0;\n\t\t\t}\n\t\t\t\/* see gallery_shortcode() in wp-includes\/media.php *\/\n\t\t<\/style>\n\t\t<div id='gallery-1' class='gallery galleryid-6480 gallery-columns-1 gallery-size-large'><dl class='gallery-item'>\n\t\t\t<dt class='gallery-icon portrait'>\n\t\t\t\t<a data-elementor-open-lightbox=\"yes\" data-elementor-lightbox-slideshow=\"3ed55c5\" data-elementor-lightbox-title=\"150x45-sabit\" data-e-action-hash=\"#elementor-action%3Aaction%3Dlightbox%26settings%3DeyJpZCI6NjQ4NywidXJsIjoiaHR0cHM6XC9cL3d3dy5rZW50bWV0YWxlbmR1c3RyaS5jb20udHJcL3YxXC93cC1jb250ZW50XC91cGxvYWRzXC8yMDI0XC8wNFwvMTUweDQ1LXNhYml0LmpwZyIsInNsaWRlc2hvdyI6IjNlZDU1YzUifQ%3D%3D\" href='https:\/\/www.kentmetalendustri.com.tr\/v1\/wp-content\/uploads\/2024\/04\/150x45-sabit.jpg'><img loading=\"lazy\" decoding=\"async\" width=\"772\" height=\"1024\" src=\"https:\/\/www.kentmetalendustri.com.tr\/v1\/wp-content\/uploads\/2024\/04\/150x45-sabit-772x1024.jpg\" class=\"attachment-large size-large\" alt=\"\" \/><\/a>\n\t\t\t<\/dt><\/dl><br style=\"clear: both\" \/>\n\t\t<\/div>\n\t\t<\/div>\n\t\t\t\t<\/div>\n\t\t\t\t<\/div>\n\t\t\t\t<\/div>\n\t\t<div class=\"elementor-element elementor-element-f6d09c6 e-con-full e-flex e-con e-child\" data-id=\"f6d09c6\" data-element_type=\"container\" data-settings=\"{&quot;content_width&quot;:&quot;full&quot;}\">\n\t\t\t\t<div class=\"elementor-element elementor-element-b50be2f elementor-widget elementor-widget-text-editor\" data-id=\"b50be2f\" data-element_type=\"widget\" data-widget_type=\"text-editor.default\">\n\t\t\t\t<div class=\"elementor-widget-container\">\n\t\t\t<style>\/*! elementor - v3.16.0 - 20-09-2023 *\/\n.elementor-widget-text-editor.elementor-drop-cap-view-stacked .elementor-drop-cap{background-color:#69727d;color:#fff}.elementor-widget-text-editor.elementor-drop-cap-view-framed .elementor-drop-cap{color:#69727d;border:3px solid;background-color:transparent}.elementor-widget-text-editor:not(.elementor-drop-cap-view-default) .elementor-drop-cap{margin-top:8px}.elementor-widget-text-editor:not(.elementor-drop-cap-view-default) .elementor-drop-cap-letter{width:1em;height:1em}.elementor-widget-text-editor .elementor-drop-cap{float:left;text-align:center;line-height:1;font-size:50px}.elementor-widget-text-editor .elementor-drop-cap-letter{display:inline-block}<\/style>\t\t\t\t<p><strong>TEKN\u0130K \u00d6ZELL\u0130KLER<\/strong><\/p><ol><li>Teker lastik \u00f6l\u00e7\u00fcs\u00fc 150x45mm\u2019dir.<\/li><li>Ba\u011flant\u0131 tablas\u0131 115 x 85mm \u00f6l\u00e7\u00fcs\u00fcnde 3.00mm kal\u0131nl\u0131\u011f\u0131nda HRP Kalite sacdan imal edilmi\u015ftir.<\/li><li>Ma\u015fa sac\u0131 3.00mm Kal\u0131nl\u0131\u011f\u0131nda HRP Kalite sacdan imal edilmi\u015ftir.<\/li><li>Jant sac\u0131 1.50mm Kal\u0131nl\u0131\u011f\u0131nda DKP Kalite sacdan imal edilmi\u015ftir.<\/li><li>Teker lasti\u011fi kau\u00e7uk kar\u0131\u015f\u0131ml\u0131 malzemeden \u00fcretilmi\u015ftir.<\/li><li>Metal aksamlar 10-12 mikron elektro galvaniz ile kaplanm\u0131\u015ft\u0131r.<\/li><li>TS EN 12532 Standart Belgelidir.<\/li><\/ol>\t\t\t\t\t\t<\/div>\n\t\t\t\t<\/div>\n\t\t\t\t<\/div>\n\t\t\t\t\t<\/div>\n\t\t\t\t<\/div>\n\t\t\t\t\t\t\t<\/div>\n\t\t","protected":false},"excerpt":{"rendered":"<p>TEKN\u0130K \u00d6ZELL\u0130KLER Teker lastik \u00f6l\u00e7\u00fcs\u00fc 150x45mm\u2019dir. Ba\u011flant\u0131 tablas\u0131 115 x 85mm \u00f6l\u00e7\u00fcs\u00fcnde 3.00mm kal\u0131nl\u0131\u011f\u0131nda HRP Kalite sacdan imal edilmi\u015ftir. Ma\u015fa sac\u0131 3.00mm Kal\u0131nl\u0131\u011f\u0131nda HRP Kalite sacdan imal edilmi\u015ftir. Jant sac\u0131 1.50mm Kal\u0131nl\u0131\u011f\u0131nda DKP Kalite sacdan imal edilmi\u015ftir. Teker lasti\u011fi kau\u00e7uk kar\u0131\u015f\u0131ml\u0131 malzemeden \u00fcretilmi\u015ftir. Metal aksamlar 10-12 mikron elektro galvaniz ile kaplanm\u0131\u015ft\u0131r. TS EN 12532 Standart [&hellip;]<\/p>\n","protected":false},"author":1,"featured_media":0,"parent":0,"menu_order":0,"comment_status":"closed","ping_status":"closed","template":"","meta":{"footnotes":""},"class_list":["post-6480","page","type-page","status-publish","hentry"],"_links":{"self":[{"href":"https:\/\/www.kentmetalendustri.com.tr\/v1\/wp-json\/wp\/v2\/pages\/6480","targetHints":{"allow":["GET"]}}],"collection":[{"href":"https:\/\/www.kentmetalendustri.com.tr\/v1\/wp-json\/wp\/v2\/pages"}],"about":[{"href":"https:\/\/www.kentmetalendustri.com.tr\/v1\/wp-json\/wp\/v2\/types\/page"}],"author":[{"embeddable":true,"href":"https:\/\/www.kentmetalendustri.com.tr\/v1\/wp-json\/wp\/v2\/users\/1"}],"replies":[{"embeddable":true,"href":"https:\/\/www.kentmetalendustri.com.tr\/v1\/wp-json\/wp\/v2\/comments?post=6480"}],"version-history":[{"count":8,"href":"https:\/\/www.kentmetalendustri.com.tr\/v1\/wp-json\/wp\/v2\/pages\/6480\/revisions"}],"predecessor-version":[{"id":6491,"href":"https:\/\/www.kentmetalendustri.com.tr\/v1\/wp-json\/wp\/v2\/pages\/6480\/revisions\/6491"}],"wp:attachment":[{"href":"https:\/\/www.kentmetalendustri.com.tr\/v1\/wp-json\/wp\/v2\/media?parent=6480"}],"curies":[{"name":"wp","href":"https:\/\/api.w.org\/{rel}","templated":true}]}}